{"id":3950,"date":"2020-05-06T18:21:49","date_gmt":"2020-05-06T16:21:49","guid":{"rendered":"https:\/\/yogasitz.ch\/?page_id=3950"},"modified":"2026-01-30T10:40:53","modified_gmt":"2026-01-30T09:40:53","slug":"kursanmeldung_veranstaltungen","status":"publish","type":"page","link":"https:\/\/yogasitz.ch\/index.php\/angebot\/kursanmeldung_veranstaltungen\/","title":{"rendered":"Wochenstunden-Buchung"},"content":{"rendered":"<p><div class=\"fusion-fullwidth fullwidth-box fusion-builder-row-1 nonhundred-percent-fullwidth non-hundred-percent-height-scrolling\" style=\"--awb-border-radius-top-left:0px;--awb-border-radius-top-right:0px;--awb-border-radius-bottom-right:0px;--awb-border-radius-bottom-left:0px;--awb-flex-wrap:wrap;\" ><div class=\"fusion-builder-row fusion-row\"><div class=\"fusion-layout-column fusion_builder_column fusion-builder-column-0 fusion_builder_column_3_4 3_4 fusion-three-fourth fusion-column-first\" style=\"--awb-bg-size:cover;width:75%;width:calc(75% - ( ( 4% ) * 0.75 ) );margin-right: 4%;\"><div class=\"fusion-column-wrapper fusion-flex-column-wrapper-legacy\"><div class=\"fusion-image-element in-legacy-container\" style=\"--awb-caption-title-font-family:var(--h2_typography-font-family);--awb-caption-title-font-weight:var(--h2_typography-font-weight);--awb-caption-title-font-style:var(--h2_typography-font-style);--awb-caption-title-size:var(--h2_typography-font-size);--awb-caption-title-transform:var(--h2_typography-text-transform);--awb-caption-title-line-height:var(--h2_typography-line-height);--awb-caption-title-letter-spacing:var(--h2_typography-letter-spacing);\"><span class=\" fusion-imageframe imageframe-none imageframe-1 hover-type-none\"><img decoding=\"async\" width=\"1496\" height=\"321\" alt=\"Pilatus\" title=\"Pilatus\" src=\"https:\/\/yogasitz.ch\/wp-content\/uploads\/2017\/11\/1496px-Pilatus-YogaSitz-Luzern-_0014_Ebene-23.png\" class=\"img-responsive wp-image-859\" srcset=\"https:\/\/yogasitz.ch\/wp-content\/uploads\/2017\/11\/1496px-Pilatus-YogaSitz-Luzern-_0014_Ebene-23-200x43.png 200w, https:\/\/yogasitz.ch\/wp-content\/uploads\/2017\/11\/1496px-Pilatus-YogaSitz-Luzern-_0014_Ebene-23-400x86.png 400w, https:\/\/yogasitz.ch\/wp-content\/uploads\/2017\/11\/1496px-Pilatus-YogaSitz-Luzern-_0014_Ebene-23-600x129.png 600w, https:\/\/yogasitz.ch\/wp-content\/uploads\/2017\/11\/1496px-Pilatus-YogaSitz-Luzern-_0014_Ebene-23-800x172.png 800w, https:\/\/yogasitz.ch\/wp-content\/uploads\/2017\/11\/1496px-Pilatus-YogaSitz-Luzern-_0014_Ebene-23-1200x257.png 1200w, https:\/\/yogasitz.ch\/wp-content\/uploads\/2017\/11\/1496px-Pilatus-YogaSitz-Luzern-_0014_Ebene-23.png 1496w\" sizes=\"(max-width: 800px) 100vw, 800px\" \/><\/span><\/div><div class=\"fusion-sep-clear\"><\/div><div class=\"fusion-separator fusion-full-width-sep\" style=\"margin-left: auto;margin-right: auto;margin-top:30px;width:100%;\"><\/div><div class=\"fusion-sep-clear\"><\/div><div class=\"fusion-text fusion-text-1\"><h1>KURSE<\/h1>\n<h3><\/h3>\n<\/div><div class=\"fusion-text fusion-text-2\"><h6>Herzlich willkommen!<\/h6>\n<div>Hier geht es zu den Wochenkursen im \u00dcberblick und zur Stunden-Buchung.<\/div>\n<h3><\/h3>\n<\/div><div class=\"fusion-text fusion-text-3\" style=\"--awb-text-transform:none;\"><h5><a href=\"https:\/\/yogasitz.ch\/index.php\/angebot\/kursbeschriebe\/\">HATHA YOGA FLOW<\/a> UND <a href=\"https:\/\/yogasitz.ch\/index.php\/angebot\/kursbeschriebe\/\">INBALANCE<\/a> MIT <a href=\"https:\/\/yogasitz.ch\/index.php\/simone-zweifel\/\">SIMONE ZWEIFEL<\/a><\/h5>\n<p>Die Kurse sind von den Krankenversicherungen anerkannt. Der Abo-Kaufbeleg kann der Krankenversicherung zur Beantragung einer R\u00fcckerstattung zugestellt werden.<\/p>\n<p>Neueinsteigende \/ Wiedereinsteigende: Bitte vor der ersten Buchung Kontakt per <a href=\"mailto:info@yogasitz.ch\">E-Mail<\/a> aufnehmen, so k\u00f6nnen freie Pl\u00e4tze und Fragen gekl\u00e4rt werden. Vielen Dank. Buche dich dann ein f\u00fcr deine erste Wochenstunde, dabei kannst du ein Abo, eine Einzelstunde oder eine Schnupperstunde beziehen.<\/p>\n<p>Der <a href=\"https:\/\/widget.fitogram.pro\/yogasitz\/?w=\/login\">Kundenbereich<\/a> (auf jeder Seite ganz unten) erm\u00f6glicht dir Einblick in die vorgenommenen Anmeldungen oder Abo-K\u00e4ufe. Stornierungen k\u00f6nnen im Kundenbereich vorgenommen werden. Bitte auch bei kurzfristiger Abwesenheit die Stunde stornieren. Besten Dank! <strong>Die R\u00fcckerstattung erfolgt bis 12 Stunden vor Kursbeginn.<\/strong><\/p>\n<p>Abo-Bezug bei Stundenbuchung \/ Zahlung: falls du keine Twint-Zahlung machen kannst, kontaktiere mich bitte per E-Mail, so kann ich dir die Daten f\u00fcr eine Bankzahlung angeben und ein Abo f\u00fcr dich registrieren. Die einzelnen Stundenbuchungen kannst du danach selber veranlassen.<\/p>\n<p><img decoding=\"async\" class=\"alignnone wp-image-6615\" src=\"https:\/\/yogasitz.ch\/wp-content\/uploads\/2024\/11\/image-150x150.png\" alt=\"QualiCert\" width=\"133\" height=\"133\" srcset=\"https:\/\/yogasitz.ch\/wp-content\/uploads\/2024\/11\/image-66x66.png 66w, https:\/\/yogasitz.ch\/wp-content\/uploads\/2024\/11\/image-150x150.png 150w\" sizes=\"(max-width: 133px) 100vw, 133px\" \/><\/p>\n<p>Ich freue mich auf deine Teilnahme.<br \/>\nBis bald!<br \/>\nSimone Zweifel<\/p>\n<h6><\/h6>\n<\/div><div class=\"fusion-clearfix\"><\/div><\/div><\/div><div class=\"fusion-layout-column fusion_builder_column fusion-builder-column-1 fusion_builder_column_1_4 1_4 fusion-one-fourth fusion-column-last\" style=\"--awb-bg-size:cover;width:25%;width:calc(25% - ( ( 4% ) * 0.25 ) );\"><div class=\"fusion-column-wrapper fusion-flex-column-wrapper-legacy\"><div class=\"fusion-image-element fusion-no-small-visibility in-legacy-container\" style=\"--awb-caption-title-font-family:var(--h2_typography-font-family);--awb-caption-title-font-weight:var(--h2_typography-font-weight);--awb-caption-title-font-style:var(--h2_typography-font-style);--awb-caption-title-size:var(--h2_typography-font-size);--awb-caption-title-transform:var(--h2_typography-text-transform);--awb-caption-title-line-height:var(--h2_typography-line-height);--awb-caption-title-letter-spacing:var(--h2_typography-letter-spacing);\"><span class=\" fusion-imageframe imageframe-none imageframe-2 hover-type-none\"><img decoding=\"async\" width=\"498\" height=\"638\" alt=\"Yogasitz luzern\" title=\"Yogasitz luzern\" src=\"https:\/\/yogasitz.ch\/wp-content\/uploads\/2017\/11\/498x638-YogaSitz_0005_Ebene-23.png\" class=\"img-responsive wp-image-830\" srcset=\"https:\/\/yogasitz.ch\/wp-content\/uploads\/2017\/11\/498x638-YogaSitz_0005_Ebene-23-200x256.png 200w, https:\/\/yogasitz.ch\/wp-content\/uploads\/2017\/11\/498x638-YogaSitz_0005_Ebene-23-400x512.png 400w, https:\/\/yogasitz.ch\/wp-content\/uploads\/2017\/11\/498x638-YogaSitz_0005_Ebene-23.png 498w\" sizes=\"(max-width: 800px) 100vw, 400px\" \/><\/span><\/div><div class=\"fusion-sep-clear\"><\/div><div class=\"fusion-separator fusion-full-width-sep\" style=\"margin-left: auto;margin-right: auto;margin-top:40px;width:100%;\"><\/div><div class=\"fusion-sep-clear\"><\/div><div class=\"fusion-image-element fusion-image-align-left in-legacy-container\" style=\"text-align:left;--awb-caption-title-font-family:var(--h2_typography-font-family);--awb-caption-title-font-weight:var(--h2_typography-font-weight);--awb-caption-title-font-style:var(--h2_typography-font-style);--awb-caption-title-size:var(--h2_typography-font-size);--awb-caption-title-transform:var(--h2_typography-text-transform);--awb-caption-title-line-height:var(--h2_typography-line-height);--awb-caption-title-letter-spacing:var(--h2_typography-letter-spacing);\"><span class=\" fusion-imageframe imageframe-none imageframe-3 hover-type-none\" style=\"margin-right:25px;float:left;\"><img decoding=\"async\" width=\"60\" height=\"60\" alt=\"Icon YOGASITZ\" title=\"Icon-11\" src=\"https:\/\/yogasitz.ch\/wp-content\/uploads\/2017\/09\/Icon-11-e1510159326762.png\" class=\"img-responsive wp-image-517\"\/><\/span><\/div><div class=\"fusion-sep-clear\"><\/div><div class=\"fusion-separator fusion-full-width-sep\" style=\"margin-left: auto;margin-right: auto;margin-top:30px;width:100%;\"><\/div><div class=\"fusion-sep-clear\"><\/div><div class=\"fusion-text fusion-text-4\" style=\"--awb-text-transform:none;\"><h6>ORT \/ INFO<\/h6>\n<p>Sonnenhof 1,\u00a06004 Luzern,<br \/>\n<a href=\"mailto:info@yogasitz.ch\">info@yogasitz.ch<\/a><\/p>\n<h6>PREISE<\/h6>\n<p>Schnupperstunde: CHF 30 (einmalig buchbar)<br \/>\nEinzelstunde: CHF 35<\/p>\n<p><strong>Abo-G\u00fcltigkeit: 7 Monate<br \/>\n<\/strong>20er-Abo Hatha Flow: CHF 580<br \/>\n10er-Abo Hatha Flow: CHF 320<br \/>\n20er-Abo InBalance: CHF 540<br \/>\n10er-Abo InBalance: CHF 300<\/p>\n<p>FERIEN<br \/>\nFasnachtsferien: 09.02.-22.02.<br \/>\nOsterferien: 03.04.-19.04.<br \/>\nSommerferien: 06.07.-16.08.<br \/>\nHerbstferien: 28.09.-11.09.<br \/>\nWeihnachtsferien: 21.12. 2026-03.01. 2027<\/p>\n<\/div><div class=\"fusion-clearfix\"><\/div><\/div><\/div><\/div><\/div><div class=\"fusion-fullwidth fullwidth-box fusion-builder-row-2 nonhundred-percent-fullwidth non-hundred-percent-height-scrolling\" style=\"--awb-border-radius-top-left:0px;--awb-border-radius-top-right:0px;--awb-border-radius-bottom-right:0px;--awb-border-radius-bottom-left:0px;--awb-flex-wrap:wrap;\" ><div class=\"fusion-builder-row fusion-row\"><div class=\"fusion-layout-column fusion_builder_column fusion-builder-column-2 fusion_builder_column_1_1 1_1 fusion-one-full fusion-column-first fusion-column-last\" style=\"--awb-bg-size:cover;\"><div class=\"fusion-column-wrapper fusion-column-has-shadow fusion-flex-column-wrapper-legacy\"><div class=\"yogo-calendar\" data-branch=\"\"data-class-type=\"\"data-teacher=\"\"data-start-date=\"\"><\/div><div class=\"fusion-clearfix\"><\/div><\/div><\/div><\/div><\/div><\/p>\n","protected":false},"excerpt":{"rendered":"","protected":false},"author":5,"featured_media":0,"parent":4,"menu_order":0,"comment_status":"closed","ping_status":"closed","template":"100-width.php","meta":{"footnotes":""},"yoast_head":"<!-- This site is optimized with the Yoast SEO plugin v24.5 - https:\/\/yoast.com\/wordpress\/plugins\/seo\/ -->\n<title>Yoga Luzern Hatha Yoga Flow &amp; InBalance mit Simone Zweifel<\/title>\n<meta name=\"description\" content=\"Yoga Luzern | Yoga-Wochenkurse von Montag bis Mittwoch | Yoga Flow &amp; InBalance mit Simone Zweifel | hier gehts zur Anmeldung\" \/>\n<meta name=\"robots\" content=\"index, follow, max-snippet:-1, max-image-preview:large, max-video-preview:-1\" \/>\n<link rel=\"canonical\" href=\"https:\/\/yogasitz.ch\/index.php\/angebot\/kursanmeldung_veranstaltungen\/\" \/>\n<meta property=\"og:locale\" content=\"de_DE\" \/>\n<meta property=\"og:type\" content=\"article\" \/>\n<meta property=\"og:title\" content=\"Yoga Luzern Hatha Yoga Flow &amp; InBalance mit Simone Zweifel\" \/>\n<meta property=\"og:description\" content=\"Yoga Luzern | Yoga-Wochenkurse von Montag bis Mittwoch | Yoga Flow &amp; InBalance mit Simone Zweifel | hier gehts zur Anmeldung\" \/>\n<meta property=\"og:url\" content=\"https:\/\/yogasitz.ch\/index.php\/angebot\/kursanmeldung_veranstaltungen\/\" \/>\n<meta property=\"og:site_name\" content=\"YOGASITZ Luzern\" \/>\n<meta property=\"article:publisher\" content=\"https:\/\/www.facebook.com\/simone.zweifel.yoga\" \/>\n<meta property=\"article:modified_time\" content=\"2026-01-30T09:40:53+00:00\" \/>\n<meta property=\"og:image\" content=\"https:\/\/yogasitz.ch\/wp-content\/uploads\/2024\/11\/image-150x150.png\" \/>\n<meta name=\"twitter:card\" content=\"summary_large_image\" \/>\n<meta name=\"twitter:label1\" content=\"Gesch\u00e4tzte Lesezeit\" \/>\n\t<meta name=\"twitter:data1\" content=\"3 Minuten\" \/>\n<script type=\"application\/ld+json\" class=\"yoast-schema-graph\">{\"@context\":\"https:\/\/schema.org\",\"@graph\":[{\"@type\":\"WebPage\",\"@id\":\"https:\/\/yogasitz.ch\/index.php\/angebot\/kursanmeldung_veranstaltungen\/\",\"url\":\"https:\/\/yogasitz.ch\/index.php\/angebot\/kursanmeldung_veranstaltungen\/\",\"name\":\"Yoga Luzern Hatha Yoga Flow & InBalance mit Simone Zweifel\",\"isPartOf\":{\"@id\":\"https:\/\/yogasitz.ch\/#website\"},\"primaryImageOfPage\":{\"@id\":\"https:\/\/yogasitz.ch\/index.php\/angebot\/kursanmeldung_veranstaltungen\/#primaryimage\"},\"image\":{\"@id\":\"https:\/\/yogasitz.ch\/index.php\/angebot\/kursanmeldung_veranstaltungen\/#primaryimage\"},\"thumbnailUrl\":\"https:\/\/yogasitz.ch\/wp-content\/uploads\/2024\/11\/image-150x150.png\",\"datePublished\":\"2020-05-06T16:21:49+00:00\",\"dateModified\":\"2026-01-30T09:40:53+00:00\",\"description\":\"Yoga Luzern | Yoga-Wochenkurse von Montag bis Mittwoch | Yoga Flow & InBalance mit Simone Zweifel | hier gehts zur Anmeldung\",\"breadcrumb\":{\"@id\":\"https:\/\/yogasitz.ch\/index.php\/angebot\/kursanmeldung_veranstaltungen\/#breadcrumb\"},\"inLanguage\":\"de-CH\",\"potentialAction\":[{\"@type\":\"ReadAction\",\"target\":[\"https:\/\/yogasitz.ch\/index.php\/angebot\/kursanmeldung_veranstaltungen\/\"]}]},{\"@type\":\"ImageObject\",\"inLanguage\":\"de-CH\",\"@id\":\"https:\/\/yogasitz.ch\/index.php\/angebot\/kursanmeldung_veranstaltungen\/#primaryimage\",\"url\":\"https:\/\/yogasitz.ch\/wp-content\/uploads\/2024\/11\/image.png\",\"contentUrl\":\"https:\/\/yogasitz.ch\/wp-content\/uploads\/2024\/11\/image.png\",\"width\":249,\"height\":202,\"caption\":\"QualiCert\"},{\"@type\":\"BreadcrumbList\",\"@id\":\"https:\/\/yogasitz.ch\/index.php\/angebot\/kursanmeldung_veranstaltungen\/#breadcrumb\",\"itemListElement\":[{\"@type\":\"ListItem\",\"position\":1,\"name\":\"Startseite\",\"item\":\"https:\/\/yogasitz.ch\/\"},{\"@type\":\"ListItem\",\"position\":2,\"name\":\"home &#8211; Angebot\",\"item\":\"https:\/\/yogasitz.ch\/\"},{\"@type\":\"ListItem\",\"position\":3,\"name\":\"Wochenstunden-Buchung\"}]},{\"@type\":\"WebSite\",\"@id\":\"https:\/\/yogasitz.ch\/#website\",\"url\":\"https:\/\/yogasitz.ch\/\",\"name\":\"YOGASITZ Luzern\",\"description\":\"Simone Zweifel\",\"publisher\":{\"@id\":\"https:\/\/yogasitz.ch\/#organization\"},\"potentialAction\":[{\"@type\":\"SearchAction\",\"target\":{\"@type\":\"EntryPoint\",\"urlTemplate\":\"https:\/\/yogasitz.ch\/?s={search_term_string}\"},\"query-input\":{\"@type\":\"PropertyValueSpecification\",\"valueRequired\":true,\"valueName\":\"search_term_string\"}}],\"inLanguage\":\"de-CH\"},{\"@type\":\"Organization\",\"@id\":\"https:\/\/yogasitz.ch\/#organization\",\"name\":\"YOGASITZ Luzern\",\"url\":\"https:\/\/yogasitz.ch\/\",\"logo\":{\"@type\":\"ImageObject\",\"inLanguage\":\"de-CH\",\"@id\":\"https:\/\/yogasitz.ch\/#\/schema\/logo\/image\/\",\"url\":\"https:\/\/yogasitz.ch\/wp-content\/uploads\/2022\/10\/YogaSitz-Luzern-logo-Mobile.png\",\"contentUrl\":\"https:\/\/yogasitz.ch\/wp-content\/uploads\/2022\/10\/YogaSitz-Luzern-logo-Mobile.png\",\"width\":113,\"height\":37,\"caption\":\"YOGASITZ Luzern\"},\"image\":{\"@id\":\"https:\/\/yogasitz.ch\/#\/schema\/logo\/image\/\"},\"sameAs\":[\"https:\/\/www.facebook.com\/simone.zweifel.yoga\"]}]}<\/script>\n<!-- \/ Yoast SEO plugin. -->","yoast_head_json":{"title":"Yoga Luzern Hatha Yoga Flow & InBalance mit Simone Zweifel","description":"Yoga Luzern | Yoga-Wochenkurse von Montag bis Mittwoch | Yoga Flow & InBalance mit Simone Zweifel | hier gehts zur Anmeldung","robots":{"index":"index","follow":"follow","max-snippet":"max-snippet:-1","max-image-preview":"max-image-preview:large","max-video-preview":"max-video-preview:-1"},"canonical":"https:\/\/yogasitz.ch\/index.php\/angebot\/kursanmeldung_veranstaltungen\/","og_locale":"de_DE","og_type":"article","og_title":"Yoga Luzern Hatha Yoga Flow & InBalance mit Simone Zweifel","og_description":"Yoga Luzern | Yoga-Wochenkurse von Montag bis Mittwoch | Yoga Flow & InBalance mit Simone Zweifel | hier gehts zur Anmeldung","og_url":"https:\/\/yogasitz.ch\/index.php\/angebot\/kursanmeldung_veranstaltungen\/","og_site_name":"YOGASITZ Luzern","article_publisher":"https:\/\/www.facebook.com\/simone.zweifel.yoga","article_modified_time":"2026-01-30T09:40:53+00:00","og_image":[{"url":"https:\/\/yogasitz.ch\/wp-content\/uploads\/2024\/11\/image-150x150.png","type":"","width":"","height":""}],"twitter_card":"summary_large_image","twitter_misc":{"Gesch\u00e4tzte Lesezeit":"3 Minuten"},"schema":{"@context":"https:\/\/schema.org","@graph":[{"@type":"WebPage","@id":"https:\/\/yogasitz.ch\/index.php\/angebot\/kursanmeldung_veranstaltungen\/","url":"https:\/\/yogasitz.ch\/index.php\/angebot\/kursanmeldung_veranstaltungen\/","name":"Yoga Luzern Hatha Yoga Flow & InBalance mit Simone Zweifel","isPartOf":{"@id":"https:\/\/yogasitz.ch\/#website"},"primaryImageOfPage":{"@id":"https:\/\/yogasitz.ch\/index.php\/angebot\/kursanmeldung_veranstaltungen\/#primaryimage"},"image":{"@id":"https:\/\/yogasitz.ch\/index.php\/angebot\/kursanmeldung_veranstaltungen\/#primaryimage"},"thumbnailUrl":"https:\/\/yogasitz.ch\/wp-content\/uploads\/2024\/11\/image-150x150.png","datePublished":"2020-05-06T16:21:49+00:00","dateModified":"2026-01-30T09:40:53+00:00","description":"Yoga Luzern | Yoga-Wochenkurse von Montag bis Mittwoch | Yoga Flow & InBalance mit Simone Zweifel | hier gehts zur Anmeldung","breadcrumb":{"@id":"https:\/\/yogasitz.ch\/index.php\/angebot\/kursanmeldung_veranstaltungen\/#breadcrumb"},"inLanguage":"de-CH","potentialAction":[{"@type":"ReadAction","target":["https:\/\/yogasitz.ch\/index.php\/angebot\/kursanmeldung_veranstaltungen\/"]}]},{"@type":"ImageObject","inLanguage":"de-CH","@id":"https:\/\/yogasitz.ch\/index.php\/angebot\/kursanmeldung_veranstaltungen\/#primaryimage","url":"https:\/\/yogasitz.ch\/wp-content\/uploads\/2024\/11\/image.png","contentUrl":"https:\/\/yogasitz.ch\/wp-content\/uploads\/2024\/11\/image.png","width":249,"height":202,"caption":"QualiCert"},{"@type":"BreadcrumbList","@id":"https:\/\/yogasitz.ch\/index.php\/angebot\/kursanmeldung_veranstaltungen\/#breadcrumb","itemListElement":[{"@type":"ListItem","position":1,"name":"Startseite","item":"https:\/\/yogasitz.ch\/"},{"@type":"ListItem","position":2,"name":"home &#8211; Angebot","item":"https:\/\/yogasitz.ch\/"},{"@type":"ListItem","position":3,"name":"Wochenstunden-Buchung"}]},{"@type":"WebSite","@id":"https:\/\/yogasitz.ch\/#website","url":"https:\/\/yogasitz.ch\/","name":"YOGASITZ Luzern","description":"Simone Zweifel","publisher":{"@id":"https:\/\/yogasitz.ch\/#organization"},"potentialAction":[{"@type":"SearchAction","target":{"@type":"EntryPoint","urlTemplate":"https:\/\/yogasitz.ch\/?s={search_term_string}"},"query-input":{"@type":"PropertyValueSpecification","valueRequired":true,"valueName":"search_term_string"}}],"inLanguage":"de-CH"},{"@type":"Organization","@id":"https:\/\/yogasitz.ch\/#organization","name":"YOGASITZ Luzern","url":"https:\/\/yogasitz.ch\/","logo":{"@type":"ImageObject","inLanguage":"de-CH","@id":"https:\/\/yogasitz.ch\/#\/schema\/logo\/image\/","url":"https:\/\/yogasitz.ch\/wp-content\/uploads\/2022\/10\/YogaSitz-Luzern-logo-Mobile.png","contentUrl":"https:\/\/yogasitz.ch\/wp-content\/uploads\/2022\/10\/YogaSitz-Luzern-logo-Mobile.png","width":113,"height":37,"caption":"YOGASITZ Luzern"},"image":{"@id":"https:\/\/yogasitz.ch\/#\/schema\/logo\/image\/"},"sameAs":["https:\/\/www.facebook.com\/simone.zweifel.yoga"]}]}},"_links":{"self":[{"href":"https:\/\/yogasitz.ch\/index.php\/wp-json\/wp\/v2\/pages\/3950"}],"collection":[{"href":"https:\/\/yogasitz.ch\/index.php\/wp-json\/wp\/v2\/pages"}],"about":[{"href":"https:\/\/yogasitz.ch\/index.php\/wp-json\/wp\/v2\/types\/page"}],"author":[{"embeddable":true,"href":"https:\/\/yogasitz.ch\/index.php\/wp-json\/wp\/v2\/users\/5"}],"replies":[{"embeddable":true,"href":"https:\/\/yogasitz.ch\/index.php\/wp-json\/wp\/v2\/comments?post=3950"}],"version-history":[{"count":503,"href":"https:\/\/yogasitz.ch\/index.php\/wp-json\/wp\/v2\/pages\/3950\/revisions"}],"predecessor-version":[{"id":7155,"href":"https:\/\/yogasitz.ch\/index.php\/wp-json\/wp\/v2\/pages\/3950\/revisions\/7155"}],"up":[{"embeddable":true,"href":"https:\/\/yogasitz.ch\/index.php\/wp-json\/wp\/v2\/pages\/4"}],"wp:attachment":[{"href":"https:\/\/yogasitz.ch\/index.php\/wp-json\/wp\/v2\/media?parent=3950"}],"curies":[{"name":"wp","href":"https:\/\/api.w.org\/{rel}","templated":true}]}}