{"id":589,"date":"2017-10-24T16:54:21","date_gmt":"2017-10-24T14:54:21","guid":{"rendered":"http:\/\/yogasitz.ch\/?page_id=589"},"modified":"2025-08-21T15:27:49","modified_gmt":"2025-08-21T13:27:49","slug":"kontakt-info","status":"publish","type":"page","link":"https:\/\/yogasitz.ch\/index.php\/kontakt-info\/","title":{"rendered":"KONTAKT \/ INFO"},"content":{"rendered":"<p><div class=\"fusion-fullwidth fullwidth-box fusion-builder-row-1 nonhundred-percent-fullwidth non-hundred-percent-height-scrolling\" style=\"--awb-border-radius-top-left:0px;--awb-border-radius-top-right:0px;--awb-border-radius-bottom-right:0px;--awb-border-radius-bottom-left:0px;--awb-flex-wrap:wrap;\" ><div class=\"fusion-builder-row fusion-row\"><div class=\"fusion-layout-column fusion_builder_column fusion-builder-column-0 fusion_builder_column_3_4 3_4 fusion-three-fourth fusion-column-first\" style=\"--awb-bg-size:cover;width:75%;width:calc(75% - ( ( 4% ) * 0.75 ) );margin-right: 4%;\"><div class=\"fusion-column-wrapper fusion-flex-column-wrapper-legacy\"><div class=\"fusion-image-element in-legacy-container\" style=\"--awb-caption-title-font-family:var(--h2_typography-font-family);--awb-caption-title-font-weight:var(--h2_typography-font-weight);--awb-caption-title-font-style:var(--h2_typography-font-style);--awb-caption-title-size:var(--h2_typography-font-size);--awb-caption-title-transform:var(--h2_typography-text-transform);--awb-caption-title-line-height:var(--h2_typography-line-height);--awb-caption-title-letter-spacing:var(--h2_typography-letter-spacing);\"><span class=\" fusion-imageframe imageframe-none imageframe-1 hover-type-none\"><img decoding=\"async\" width=\"1496\" height=\"321\" alt=\"Pilatus\" title=\"Pilatus\" src=\"https:\/\/yogasitz.ch\/wp-content\/uploads\/2017\/11\/1496px-Pilatus-YogaSitz-Luzern-_0000_Ebene-37.png\" class=\"img-responsive wp-image-845\" srcset=\"https:\/\/yogasitz.ch\/wp-content\/uploads\/2017\/11\/1496px-Pilatus-YogaSitz-Luzern-_0000_Ebene-37-200x43.png 200w, https:\/\/yogasitz.ch\/wp-content\/uploads\/2017\/11\/1496px-Pilatus-YogaSitz-Luzern-_0000_Ebene-37-400x86.png 400w, https:\/\/yogasitz.ch\/wp-content\/uploads\/2017\/11\/1496px-Pilatus-YogaSitz-Luzern-_0000_Ebene-37-600x129.png 600w, https:\/\/yogasitz.ch\/wp-content\/uploads\/2017\/11\/1496px-Pilatus-YogaSitz-Luzern-_0000_Ebene-37-800x172.png 800w, https:\/\/yogasitz.ch\/wp-content\/uploads\/2017\/11\/1496px-Pilatus-YogaSitz-Luzern-_0000_Ebene-37-1200x257.png 1200w, https:\/\/yogasitz.ch\/wp-content\/uploads\/2017\/11\/1496px-Pilatus-YogaSitz-Luzern-_0000_Ebene-37.png 1496w\" sizes=\"(max-width: 800px) 100vw, 800px\" \/><\/span><\/div><div class=\"fusion-sep-clear\"><\/div><div class=\"fusion-separator fusion-full-width-sep\" style=\"margin-left: auto;margin-right: auto;margin-top:30px;width:100%;\"><\/div><div class=\"fusion-sep-clear\"><\/div><div class=\"fusion-text fusion-text-1\"><h1>KONTAKT \/ INFO<\/h1>\n<p>Simone Zweifel<br \/>\nEmail: <a href=\"mailto:info@yogasitz.ch\">info@yogasitz.ch<\/a><\/p>\n<\/div><div class=\"fusion-clearfix\"><\/div><\/div><\/div><div class=\"fusion-layout-column fusion_builder_column fusion-builder-column-1 fusion_builder_column_1_4 1_4 fusion-one-fourth fusion-column-last\" style=\"--awb-bg-size:cover;width:25%;width:calc(25% - ( ( 4% ) * 0.25 ) );\"><div class=\"fusion-column-wrapper fusion-flex-column-wrapper-legacy\"><div class=\"fusion-image-element fusion-no-small-visibility in-legacy-container\" style=\"--awb-caption-title-font-family:var(--h2_typography-font-family);--awb-caption-title-font-weight:var(--h2_typography-font-weight);--awb-caption-title-font-style:var(--h2_typography-font-style);--awb-caption-title-size:var(--h2_typography-font-size);--awb-caption-title-transform:var(--h2_typography-text-transform);--awb-caption-title-line-height:var(--h2_typography-line-height);--awb-caption-title-letter-spacing:var(--h2_typography-letter-spacing);\"><span class=\" fusion-imageframe imageframe-none imageframe-2 hover-type-none\"><img decoding=\"async\" width=\"498\" height=\"638\" alt=\"YogaSitz Luzern\" title=\"YogaSitz Luzern\" src=\"https:\/\/yogasitz.ch\/wp-content\/uploads\/2021\/07\/Yogaraum-Sonnenhof.jpg\" class=\"img-responsive wp-image-5147\" srcset=\"https:\/\/yogasitz.ch\/wp-content\/uploads\/2021\/07\/Yogaraum-Sonnenhof-200x256.jpg 200w, https:\/\/yogasitz.ch\/wp-content\/uploads\/2021\/07\/Yogaraum-Sonnenhof-400x512.jpg 400w, https:\/\/yogasitz.ch\/wp-content\/uploads\/2021\/07\/Yogaraum-Sonnenhof.jpg 498w\" sizes=\"(max-width: 800px) 100vw, 400px\" \/><\/span><\/div><div class=\"fusion-sep-clear\"><\/div><div class=\"fusion-separator fusion-full-width-sep\" style=\"margin-left: auto;margin-right: auto;margin-top:30px;width:100%;\"><\/div><div class=\"fusion-sep-clear\"><\/div><div class=\"fusion-clearfix\"><\/div><\/div><\/div><\/div><\/div><div class=\"fusion-fullwidth fullwidth-box fusion-builder-row-2 nonhundred-percent-fullwidth non-hundred-percent-height-scrolling\" style=\"--awb-border-radius-top-left:0px;--awb-border-radius-top-right:0px;--awb-border-radius-bottom-right:0px;--awb-border-radius-bottom-left:0px;--awb-flex-wrap:wrap;\" ><div class=\"fusion-builder-row fusion-row\"><div class=\"fusion-layout-column fusion_builder_column fusion-builder-column-2 fusion_builder_column_3_4 3_4 fusion-three-fourth fusion-column-first\" style=\"--awb-bg-color:rgba(242,242,242,0);--awb-bg-color-hover:rgba(242,242,242,0);--awb-bg-size:cover;width:75%;width:calc(75% - ( ( 4% ) * 0.75 ) );margin-right: 4%;\"><div class=\"fusion-column-wrapper fusion-flex-column-wrapper-legacy\"><div class=\"fusion-title title fusion-title-1 sep-underline sep-solid fusion-title-text fusion-title-size-five\" style=\"--awb-margin-top:50px;--awb-margin-bottom:20px;\"><h5 class=\"fusion-title-heading title-heading-left\" style=\"margin:0;\">KURSORT<\/h5><\/div><div class=\"fusion-text fusion-text-2\"><p><a href=\"https:\/\/www.google.com\/maps\/@47.0568636,8.3022416,17z?entry=ttu\">YOGASITZ Luzern<\/a>, Sonnenhof 1, 6004 Luzern<\/p>\n<p>Die Bus-Endstation Bramberg (Linie 18) befindet sich in unmittelbarer N\u00e4he. Zwei beschilderte Parkpl\u00e4tze und ein \u00fcberdachter Velo-Abstellplatz befinden sich beim Sonnenhof 1. Direkt hinter dem Veloabstellplatz f\u00fchrt ein Gartenweg zum YogaSitz.<\/p>\n<\/div><div class=\"fusion-clearfix\"><\/div><\/div><\/div><div class=\"fusion-layout-column fusion_builder_column fusion-builder-column-3 fusion_builder_column_1_4 1_4 fusion-one-fourth fusion-column-last\" style=\"--awb-bg-size:cover;width:25%;width:calc(25% - ( ( 4% ) * 0.25 ) );\"><div class=\"fusion-column-wrapper fusion-flex-column-wrapper-legacy\"><div class=\"fusion-image-element fusion-image-align-left fusion-no-small-visibility in-legacy-container\" style=\"text-align:left;--awb-caption-title-font-family:var(--h2_typography-font-family);--awb-caption-title-font-weight:var(--h2_typography-font-weight);--awb-caption-title-font-style:var(--h2_typography-font-style);--awb-caption-title-size:var(--h2_typography-font-size);--awb-caption-title-transform:var(--h2_typography-text-transform);--awb-caption-title-line-height:var(--h2_typography-line-height);--awb-caption-title-letter-spacing:var(--h2_typography-letter-spacing);\"><span class=\" fusion-imageframe imageframe-none imageframe-3 hover-type-none\" style=\"margin-right:25px;float:left;\"><img decoding=\"async\" width=\"60\" height=\"60\" alt=\"Icon YOGASITZ\" title=\"Icon-5\" src=\"https:\/\/yogasitz.ch\/wp-content\/uploads\/2017\/09\/Icon-5-e1510175504887.png\" class=\"img-responsive wp-image-503\"\/><\/span><\/div><div class=\"fusion-sep-clear\"><\/div><div class=\"fusion-separator fusion-full-width-sep\" style=\"margin-left: auto;margin-right: auto;margin-top:20px;margin-bottom:20px;width:100%;\"><\/div><div class=\"fusion-sep-clear\"><\/div><div class=\"fusion-text fusion-text-3\"><h6>INFO \/ ANMELDUNG<\/h6>\n<p><a href=\"mailto:info@yogasitz.ch\">info@yogasitz.ch <\/a><\/p>\n<\/div><div class=\"fusion-clearfix\"><\/div><\/div><\/div><\/div><\/div><div class=\"fusion-fullwidth fullwidth-box fusion-builder-row-3 fusion-flex-container nonhundred-percent-fullwidth non-hundred-percent-height-scrolling\" style=\"--awb-border-radius-top-left:0px;--awb-border-radius-top-right:0px;--awb-border-radius-bottom-right:0px;--awb-border-radius-bottom-left:0px;--awb-flex-wrap:wrap;\" ><div class=\"fusion-builder-row fusion-row fusion-flex-align-items-flex-start fusion-flex-content-wrap\" style=\"max-width:1144px;margin-left: calc(-4% \/ 2 );margin-right: calc(-4% \/ 2 );\"><div class=\"fusion-layout-column fusion_builder_column fusion-builder-column-4 fusion_builder_column_1_2 1_2 fusion-flex-column\" style=\"--awb-bg-size:cover;--awb-width-large:50%;--awb-margin-top-large:0px;--awb-spacing-right-large:3.84%;--awb-margin-bottom-large:20px;--awb-spacing-left-large:3.84%;--awb-width-medium:100%;--awb-order-medium:0;--awb-spacing-right-medium:1.92%;--awb-spacing-left-medium:1.92%;--awb-width-small:100%;--awb-order-small:0;--awb-spacing-right-small:1.92%;--awb-spacing-left-small:1.92%;\"><div class=\"fusion-column-wrapper fusion-column-has-shadow fusion-flex-justify-content-flex-start fusion-content-layout-column\"><div class=\"fusion-title title fusion-title-2 sep-underline sep-solid fusion-title-text fusion-title-size-five\" style=\"--awb-margin-top:50px;--awb-margin-bottom:20px;\"><h5 class=\"fusion-title-heading title-heading-left\" style=\"margin:0;\">PARKPL\u00c4TZE UND ZUGANG ZUM YOGARAUM<\/h5><\/div><div class=\"awb-gallery-wrapper awb-gallery-wrapper-1 button-span-no\"><div style=\"margin:-5px;--awb-bordersize:0px;\" class=\"fusion-gallery fusion-gallery-container fusion-grid-3 fusion-columns-total-2 fusion-gallery-layout-grid fusion-gallery-1\"><div style=\"padding:5px;\" class=\"fusion-grid-column fusion-gallery-column fusion-gallery-column-3 hover-type-none\"><div class=\"fusion-gallery-image\"><a href=\"https:\/\/yogasitz.ch\/wp-content\/uploads\/2022\/08\/IMG_0394-scaled.jpeg\" rel=\"noreferrer\" data-rel=\"iLightbox[gallery_image_1]\" class=\"fusion-lightbox\" target=\"_self\"><img decoding=\"async\" src=\"https:\/\/yogasitz.ch\/wp-content\/uploads\/2022\/08\/IMG_0394-scaled.jpeg\" width=\"2560\" height=\"1920\" alt=\"Yogasitz Luzern\" title=\"YogaSitz Luzern\" aria-label=\"YogaSitz Luzern\" class=\"img-responsive wp-image-5693\" srcset=\"https:\/\/yogasitz.ch\/wp-content\/uploads\/2022\/08\/IMG_0394-200x150.jpeg 200w, https:\/\/yogasitz.ch\/wp-content\/uploads\/2022\/08\/IMG_0394-400x300.jpeg 400w, https:\/\/yogasitz.ch\/wp-content\/uploads\/2022\/08\/IMG_0394-600x450.jpeg 600w, https:\/\/yogasitz.ch\/wp-content\/uploads\/2022\/08\/IMG_0394-800x600.jpeg 800w, https:\/\/yogasitz.ch\/wp-content\/uploads\/2022\/08\/IMG_0394-1200x900.jpeg 1200w, https:\/\/yogasitz.ch\/wp-content\/uploads\/2022\/08\/IMG_0394-scaled.jpeg 2560w\" sizes=\"(min-width: 2200px) 100vw, (min-width: 784px) 363px, (min-width: 712px) 545px, (min-width: 640px) 712px, \" \/><\/a><\/div><\/div><div style=\"padding:5px;\" class=\"fusion-grid-column fusion-gallery-column fusion-gallery-column-3 hover-type-none\"><div class=\"fusion-gallery-image\"><a href=\"https:\/\/yogasitz.ch\/wp-content\/uploads\/2022\/08\/49d7ef92-bab9-4f9d-9b08-7f14febd0e94.jpg\" rel=\"noreferrer\" data-rel=\"iLightbox[gallery_image_1]\" class=\"fusion-lightbox\" target=\"_self\"><img decoding=\"async\" src=\"https:\/\/yogasitz.ch\/wp-content\/uploads\/2022\/08\/49d7ef92-bab9-4f9d-9b08-7f14febd0e94.jpg\" width=\"2048\" height=\"1536\" alt=\"Yogasitz Luzern\" title=\"Yogasitz Luzern\" aria-label=\"Yogasitz Luzern\" class=\"img-responsive wp-image-5692\" srcset=\"https:\/\/yogasitz.ch\/wp-content\/uploads\/2022\/08\/49d7ef92-bab9-4f9d-9b08-7f14febd0e94-200x150.jpg 200w, https:\/\/yogasitz.ch\/wp-content\/uploads\/2022\/08\/49d7ef92-bab9-4f9d-9b08-7f14febd0e94-400x300.jpg 400w, https:\/\/yogasitz.ch\/wp-content\/uploads\/2022\/08\/49d7ef92-bab9-4f9d-9b08-7f14febd0e94-600x450.jpg 600w, https:\/\/yogasitz.ch\/wp-content\/uploads\/2022\/08\/49d7ef92-bab9-4f9d-9b08-7f14febd0e94-800x600.jpg 800w, https:\/\/yogasitz.ch\/wp-content\/uploads\/2022\/08\/49d7ef92-bab9-4f9d-9b08-7f14febd0e94-1200x900.jpg 1200w, https:\/\/yogasitz.ch\/wp-content\/uploads\/2022\/08\/49d7ef92-bab9-4f9d-9b08-7f14febd0e94.jpg 2048w\" sizes=\"(min-width: 2200px) 100vw, (min-width: 784px) 363px, (min-width: 712px) 545px, (min-width: 640px) 712px, \" \/><\/a><\/div><\/div><\/div><\/div><\/div><\/div><\/div><\/div><div class=\"fusion-fullwidth fullwidth-box fusion-builder-row-4 nonhundred-percent-fullwidth non-hundred-percent-height-scrolling\" style=\"--awb-border-radius-top-left:0px;--awb-border-radius-top-right:0px;--awb-border-radius-bottom-right:0px;--awb-border-radius-bottom-left:0px;--awb-flex-wrap:wrap;\" ><div class=\"fusion-builder-row fusion-row\"><div class=\"fusion-layout-column fusion_builder_column fusion-builder-column-5 fusion_builder_column_1_1 1_1 fusion-one-full fusion-column-first fusion-column-last\" style=\"--awb-bg-size:cover;\"><div class=\"fusion-column-wrapper fusion-flex-column-wrapper-legacy\"><div class=\"fusion-title title fusion-title-3 sep-underline sep-solid fusion-title-text fusion-title-size-five\" style=\"--awb-margin-top:50px;\"><h5 class=\"fusion-title-heading title-heading-left\" style=\"margin:0;\"><h5>NEWSLETTER<\/h5><\/h5><\/div><div class=\"fusion-text fusion-text-4\"><p>ANMELDUNG ZUM NEWSLETTER<\/p>\n<p>Mit deinen Angaben erh\u00e4ltst du die aktuellen Infos zum Kursangebot. Der Newsletter erscheint viermal pro Jahr.<\/p>\n<\/div><div class=\"fusion-builder-row fusion-builder-row-inner fusion-row\"><div class=\"fusion-layout-column fusion_builder_column_inner fusion-builder-nested-column-0 fusion_builder_column_inner_1_2 1_2 fusion-one-half fusion-column-first\" style=\"--awb-bg-size:cover;width:50%;width:calc(50% - ( ( 4% ) * 0.5 ) );margin-right: 4%;\"><div class=\"fusion-column-wrapper fusion-flex-column-wrapper-legacy\"><div class=\"fusion-text fusion-text-5\">\n<div class=\"wpcf7 no-js\" id=\"wpcf7-f620-o1\" lang=\"de-DE\" dir=\"ltr\">\n<div class=\"screen-reader-response\"><p role=\"status\" aria-live=\"polite\" aria-atomic=\"true\"><\/p> <ul><\/ul><\/div>\n<form action=\"\/index.php\/wp-json\/wp\/v2\/pages\/589#wpcf7-f620-o1\" method=\"post\" class=\"wpcf7-form init\" aria-label=\"Kontaktformular\" novalidate=\"novalidate\" data-status=\"init\">\n<div style=\"display: none;\">\n<input type=\"hidden\" name=\"_wpcf7\" value=\"620\" \/>\n<input type=\"hidden\" name=\"_wpcf7_version\" value=\"5.9.8\" \/>\n<input type=\"hidden\" name=\"_wpcf7_locale\" value=\"de_DE\" \/>\n<input type=\"hidden\" name=\"_wpcf7_unit_tag\" value=\"wpcf7-f620-o1\" \/>\n<input type=\"hidden\" name=\"_wpcf7_container_post\" value=\"0\" \/>\n<input type=\"hidden\" name=\"_wpcf7_posted_data_hash\" value=\"\" \/>\n<\/div>\n<p><label> E-Mail-Adresse*<br \/>\n<span class=\"wpcf7-form-control-wrap\" data-name=\"your-email\"><input size=\"40\" maxlength=\"400\" class=\"wpcf7-form-control wpcf7-email wpcf7-validates-as-required wpcf7-text wpcf7-validates-as-email\" aria-required=\"true\" aria-invalid=\"false\" value=\"\" type=\"email\" name=\"your-email\" \/><\/span> <\/label>\n<\/p>\n<p><label> Vorname*<br \/>\n<span class=\"wpcf7-form-control-wrap\" data-name=\"vorname\"><input size=\"40\" maxlength=\"400\" class=\"wpcf7-form-control wpcf7-text wpcf7-validates-as-required\" aria-required=\"true\" aria-invalid=\"false\" value=\"\" type=\"text\" name=\"vorname\" \/><\/span> <\/label>\n<\/p>\n<p><label> Name*<br \/>\n<span class=\"wpcf7-form-control-wrap\" data-name=\"your-name\"><input size=\"40\" maxlength=\"400\" class=\"wpcf7-form-control wpcf7-text wpcf7-validates-as-required\" aria-required=\"true\" aria-invalid=\"false\" value=\"\" type=\"text\" name=\"your-name\" \/><\/span> <\/label>\n<\/p>\n<p><div id=\"cf7sr-69e9e0c30dcf9\" class=\"cf7sr-g-recaptcha\" data-theme=\"light\" data-type=\"image\" data-size=\"normal\" data-sitekey=\"6LcTKZQqAAAAAD7a2pZ7bCQ-DpTiM79nWtvDyv1v\"><\/div><span class=\"wpcf7-form-control-wrap cf7sr-recaptcha\" data-name=\"cf7sr-recaptcha\"><input type=\"hidden\" name=\"cf7sr-recaptcha\" value=\"\" class=\"wpcf7-form-control\"><\/span>\n<\/p>\n<p><input class=\"wpcf7-form-control wpcf7-submit has-spinner\" type=\"submit\" value=\"Senden\" \/>\n<\/p><div class=\"wpcf7-response-output\" aria-hidden=\"true\"><\/div>\n<\/form>\n<\/div>\n\n<\/div><div class=\"fusion-clearfix\"><\/div><\/div><\/div><div class=\"fusion-layout-column fusion_builder_column_inner fusion-builder-nested-column-1 fusion_builder_column_inner_1_2 1_2 fusion-one-half fusion-column-last\" style=\"--awb-bg-size:cover;width:50%;width:calc(50% - ( ( 4% ) * 0.5 ) );\"><div class=\"fusion-column-wrapper fusion-flex-column-wrapper-legacy\"><div class=\"fusion-clearfix\"><\/div><\/div><\/div><\/div><div class=\"fusion-clearfix\"><\/div><\/div><\/div><\/div><\/div><div class=\"fusion-fullwidth fullwidth-box fusion-builder-row-5 nonhundred-percent-fullwidth non-hundred-percent-height-scrolling\" style=\"--awb-border-radius-top-left:0px;--awb-border-radius-top-right:0px;--awb-border-radius-bottom-right:0px;--awb-border-radius-bottom-left:0px;--awb-flex-wrap:wrap;\" ><div class=\"fusion-builder-row fusion-row\"><\/div><\/div><\/p>\n","protected":false},"excerpt":{"rendered":"","protected":false},"author":1,"featured_media":0,"parent":0,"menu_order":0,"comment_status":"closed","ping_status":"closed","template":"","meta":{"footnotes":""},"yoast_head":"<!-- This site is optimized with the Yoast SEO plugin v24.5 - https:\/\/yoast.com\/wordpress\/plugins\/seo\/ -->\n<title>KONTAKT \/ ANMELDUNG Infoline: 041 534 66 74 Email: info@yogasitz.ch<\/title>\n<meta name=\"description\" content=\"KONTAKT \/ ANMELDUNG YOGASITZ Luzern Infoline: 041 534 66 74 Email: info@yogasitz.ch www.yogasitz.ch Kurse - Seminare - Ausbildung\" \/>\n<meta name=\"robots\" content=\"index, follow, max-snippet:-1, max-image-preview:large, max-video-preview:-1\" \/>\n<link rel=\"canonical\" href=\"https:\/\/yogasitz.ch\/index.php\/kontakt-info\/\" \/>\n<meta property=\"og:locale\" content=\"de_DE\" \/>\n<meta property=\"og:type\" content=\"article\" \/>\n<meta property=\"og:title\" content=\"KONTAKT \/ ANMELDUNG Infoline: 041 534 66 74 Email: info@yogasitz.ch\" \/>\n<meta property=\"og:description\" content=\"KONTAKT \/ ANMELDUNG YOGASITZ Luzern Infoline: 041 534 66 74 Email: info@yogasitz.ch www.yogasitz.ch Kurse - Seminare - Ausbildung\" \/>\n<meta property=\"og:url\" content=\"https:\/\/yogasitz.ch\/index.php\/kontakt-info\/\" \/>\n<meta property=\"og:site_name\" content=\"YOGASITZ Luzern\" \/>\n<meta property=\"article:publisher\" content=\"https:\/\/www.facebook.com\/simone.zweifel.yoga\" \/>\n<meta property=\"article:modified_time\" content=\"2025-08-21T13:27:49+00:00\" \/>\n<meta property=\"og:image\" content=\"https:\/\/yogasitz.ch\/wp-content\/uploads\/2022\/10\/YogaSitz-Luzern-logo-Mobile.png\" \/>\n\t<meta property=\"og:image:width\" content=\"113\" \/>\n\t<meta property=\"og:image:height\" content=\"37\" \/>\n\t<meta property=\"og:image:type\" content=\"image\/png\" \/>\n<meta name=\"twitter:card\" content=\"summary_large_image\" \/>\n<meta name=\"twitter:label1\" content=\"Gesch\u00e4tzte Lesezeit\" \/>\n\t<meta name=\"twitter:data1\" content=\"2 Minuten\" \/>\n<script type=\"application\/ld+json\" class=\"yoast-schema-graph\">{\"@context\":\"https:\/\/schema.org\",\"@graph\":[{\"@type\":\"WebPage\",\"@id\":\"https:\/\/yogasitz.ch\/index.php\/kontakt-info\/\",\"url\":\"https:\/\/yogasitz.ch\/index.php\/kontakt-info\/\",\"name\":\"KONTAKT \/ ANMELDUNG Infoline: 041 534 66 74 Email: info@yogasitz.ch\",\"isPartOf\":{\"@id\":\"https:\/\/yogasitz.ch\/#website\"},\"datePublished\":\"2017-10-24T14:54:21+00:00\",\"dateModified\":\"2025-08-21T13:27:49+00:00\",\"description\":\"KONTAKT \/ ANMELDUNG YOGASITZ Luzern Infoline: 041 534 66 74 Email: info@yogasitz.ch www.yogasitz.ch Kurse - Seminare - Ausbildung\",\"breadcrumb\":{\"@id\":\"https:\/\/yogasitz.ch\/index.php\/kontakt-info\/#breadcrumb\"},\"inLanguage\":\"de-CH\",\"potentialAction\":[{\"@type\":\"ReadAction\",\"target\":[\"https:\/\/yogasitz.ch\/index.php\/kontakt-info\/\"]}]},{\"@type\":\"BreadcrumbList\",\"@id\":\"https:\/\/yogasitz.ch\/index.php\/kontakt-info\/#breadcrumb\",\"itemListElement\":[{\"@type\":\"ListItem\",\"position\":1,\"name\":\"Startseite\",\"item\":\"https:\/\/yogasitz.ch\/\"},{\"@type\":\"ListItem\",\"position\":2,\"name\":\"KONTAKT \/ INFO\"}]},{\"@type\":\"WebSite\",\"@id\":\"https:\/\/yogasitz.ch\/#website\",\"url\":\"https:\/\/yogasitz.ch\/\",\"name\":\"YOGASITZ Luzern\",\"description\":\"Simone Zweifel\",\"publisher\":{\"@id\":\"https:\/\/yogasitz.ch\/#organization\"},\"potentialAction\":[{\"@type\":\"SearchAction\",\"target\":{\"@type\":\"EntryPoint\",\"urlTemplate\":\"https:\/\/yogasitz.ch\/?s={search_term_string}\"},\"query-input\":{\"@type\":\"PropertyValueSpecification\",\"valueRequired\":true,\"valueName\":\"search_term_string\"}}],\"inLanguage\":\"de-CH\"},{\"@type\":\"Organization\",\"@id\":\"https:\/\/yogasitz.ch\/#organization\",\"name\":\"YOGASITZ Luzern\",\"url\":\"https:\/\/yogasitz.ch\/\",\"logo\":{\"@type\":\"ImageObject\",\"inLanguage\":\"de-CH\",\"@id\":\"https:\/\/yogasitz.ch\/#\/schema\/logo\/image\/\",\"url\":\"https:\/\/yogasitz.ch\/wp-content\/uploads\/2022\/10\/YogaSitz-Luzern-logo-Mobile.png\",\"contentUrl\":\"https:\/\/yogasitz.ch\/wp-content\/uploads\/2022\/10\/YogaSitz-Luzern-logo-Mobile.png\",\"width\":113,\"height\":37,\"caption\":\"YOGASITZ Luzern\"},\"image\":{\"@id\":\"https:\/\/yogasitz.ch\/#\/schema\/logo\/image\/\"},\"sameAs\":[\"https:\/\/www.facebook.com\/simone.zweifel.yoga\"]}]}<\/script>\n<!-- \/ Yoast SEO plugin. -->","yoast_head_json":{"title":"KONTAKT \/ ANMELDUNG Infoline: 041 534 66 74 Email: info@yogasitz.ch","description":"KONTAKT \/ ANMELDUNG YOGASITZ Luzern Infoline: 041 534 66 74 Email: info@yogasitz.ch www.yogasitz.ch Kurse - Seminare - Ausbildung","robots":{"index":"index","follow":"follow","max-snippet":"max-snippet:-1","max-image-preview":"max-image-preview:large","max-video-preview":"max-video-preview:-1"},"canonical":"https:\/\/yogasitz.ch\/index.php\/kontakt-info\/","og_locale":"de_DE","og_type":"article","og_title":"KONTAKT \/ ANMELDUNG Infoline: 041 534 66 74 Email: info@yogasitz.ch","og_description":"KONTAKT \/ ANMELDUNG YOGASITZ Luzern Infoline: 041 534 66 74 Email: info@yogasitz.ch www.yogasitz.ch Kurse - Seminare - Ausbildung","og_url":"https:\/\/yogasitz.ch\/index.php\/kontakt-info\/","og_site_name":"YOGASITZ Luzern","article_publisher":"https:\/\/www.facebook.com\/simone.zweifel.yoga","article_modified_time":"2025-08-21T13:27:49+00:00","og_image":[{"width":113,"height":37,"url":"https:\/\/yogasitz.ch\/wp-content\/uploads\/2022\/10\/YogaSitz-Luzern-logo-Mobile.png","type":"image\/png"}],"twitter_card":"summary_large_image","twitter_misc":{"Gesch\u00e4tzte Lesezeit":"2 Minuten"},"schema":{"@context":"https:\/\/schema.org","@graph":[{"@type":"WebPage","@id":"https:\/\/yogasitz.ch\/index.php\/kontakt-info\/","url":"https:\/\/yogasitz.ch\/index.php\/kontakt-info\/","name":"KONTAKT \/ ANMELDUNG Infoline: 041 534 66 74 Email: info@yogasitz.ch","isPartOf":{"@id":"https:\/\/yogasitz.ch\/#website"},"datePublished":"2017-10-24T14:54:21+00:00","dateModified":"2025-08-21T13:27:49+00:00","description":"KONTAKT \/ ANMELDUNG YOGASITZ Luzern Infoline: 041 534 66 74 Email: info@yogasitz.ch www.yogasitz.ch Kurse - Seminare - Ausbildung","breadcrumb":{"@id":"https:\/\/yogasitz.ch\/index.php\/kontakt-info\/#breadcrumb"},"inLanguage":"de-CH","potentialAction":[{"@type":"ReadAction","target":["https:\/\/yogasitz.ch\/index.php\/kontakt-info\/"]}]},{"@type":"BreadcrumbList","@id":"https:\/\/yogasitz.ch\/index.php\/kontakt-info\/#breadcrumb","itemListElement":[{"@type":"ListItem","position":1,"name":"Startseite","item":"https:\/\/yogasitz.ch\/"},{"@type":"ListItem","position":2,"name":"KONTAKT \/ INFO"}]},{"@type":"WebSite","@id":"https:\/\/yogasitz.ch\/#website","url":"https:\/\/yogasitz.ch\/","name":"YOGASITZ Luzern","description":"Simone Zweifel","publisher":{"@id":"https:\/\/yogasitz.ch\/#organization"},"potentialAction":[{"@type":"SearchAction","target":{"@type":"EntryPoint","urlTemplate":"https:\/\/yogasitz.ch\/?s={search_term_string}"},"query-input":{"@type":"PropertyValueSpecification","valueRequired":true,"valueName":"search_term_string"}}],"inLanguage":"de-CH"},{"@type":"Organization","@id":"https:\/\/yogasitz.ch\/#organization","name":"YOGASITZ Luzern","url":"https:\/\/yogasitz.ch\/","logo":{"@type":"ImageObject","inLanguage":"de-CH","@id":"https:\/\/yogasitz.ch\/#\/schema\/logo\/image\/","url":"https:\/\/yogasitz.ch\/wp-content\/uploads\/2022\/10\/YogaSitz-Luzern-logo-Mobile.png","contentUrl":"https:\/\/yogasitz.ch\/wp-content\/uploads\/2022\/10\/YogaSitz-Luzern-logo-Mobile.png","width":113,"height":37,"caption":"YOGASITZ Luzern"},"image":{"@id":"https:\/\/yogasitz.ch\/#\/schema\/logo\/image\/"},"sameAs":["https:\/\/www.facebook.com\/simone.zweifel.yoga"]}]}},"_links":{"self":[{"href":"https:\/\/yogasitz.ch\/index.php\/wp-json\/wp\/v2\/pages\/589"}],"collection":[{"href":"https:\/\/yogasitz.ch\/index.php\/wp-json\/wp\/v2\/pages"}],"about":[{"href":"https:\/\/yogasitz.ch\/index.php\/wp-json\/wp\/v2\/types\/page"}],"author":[{"embeddable":true,"href":"https:\/\/yogasitz.ch\/index.php\/wp-json\/wp\/v2\/users\/1"}],"replies":[{"embeddable":true,"href":"https:\/\/yogasitz.ch\/index.php\/wp-json\/wp\/v2\/comments?post=589"}],"version-history":[{"count":72,"href":"https:\/\/yogasitz.ch\/index.php\/wp-json\/wp\/v2\/pages\/589\/revisions"}],"predecessor-version":[{"id":7094,"href":"https:\/\/yogasitz.ch\/index.php\/wp-json\/wp\/v2\/pages\/589\/revisions\/7094"}],"wp:attachment":[{"href":"https:\/\/yogasitz.ch\/index.php\/wp-json\/wp\/v2\/media?parent=589"}],"curies":[{"name":"wp","href":"https:\/\/api.w.org\/{rel}","templated":true}]}}