{"id":617,"date":"2017-10-24T17:31:28","date_gmt":"2017-10-24T15:31:28","guid":{"rendered":"http:\/\/yogasitz.ch\/?page_id=617"},"modified":"2026-01-19T08:58:49","modified_gmt":"2026-01-19T07:58:49","slug":"newsletter","status":"publish","type":"page","link":"https:\/\/yogasitz.ch\/index.php\/newsletter\/","title":{"rendered":"NEWSLETTER"},"content":{"rendered":"<p><div class=\"fusion-fullwidth fullwidth-box fusion-builder-row-1 nonhundred-percent-fullwidth non-hundred-percent-height-scrolling\" style=\"--awb-border-radius-top-left:0px;--awb-border-radius-top-right:0px;--awb-border-radius-bottom-right:0px;--awb-border-radius-bottom-left:0px;--awb-flex-wrap:wrap;\" ><div class=\"fusion-builder-row fusion-row\"><div class=\"fusion-layout-column fusion_builder_column fusion-builder-column-0 fusion_builder_column_3_4 3_4 fusion-three-fourth fusion-column-first\" style=\"--awb-bg-size:cover;width:75%;width:calc(75% - ( ( 4% ) * 0.75 ) );margin-right: 4%;\"><div class=\"fusion-column-wrapper fusion-flex-column-wrapper-legacy\"><div class=\"fusion-image-element in-legacy-container\" style=\"--awb-caption-title-font-family:var(--h2_typography-font-family);--awb-caption-title-font-weight:var(--h2_typography-font-weight);--awb-caption-title-font-style:var(--h2_typography-font-style);--awb-caption-title-size:var(--h2_typography-font-size);--awb-caption-title-transform:var(--h2_typography-text-transform);--awb-caption-title-line-height:var(--h2_typography-line-height);--awb-caption-title-letter-spacing:var(--h2_typography-letter-spacing);\"><span class=\" fusion-imageframe imageframe-none imageframe-1 hover-type-none\"><img decoding=\"async\" width=\"1496\" height=\"321\" alt=\"Pilatus YogaSitz Luzern\" title=\"Pilatus\" src=\"https:\/\/yogasitz.ch\/wp-content\/uploads\/2017\/11\/1496px-Pilatus-YogaSitz-Luzern-_0006_Ebene-31.png\" class=\"img-responsive wp-image-851\" srcset=\"https:\/\/yogasitz.ch\/wp-content\/uploads\/2017\/11\/1496px-Pilatus-YogaSitz-Luzern-_0006_Ebene-31-200x43.png 200w, https:\/\/yogasitz.ch\/wp-content\/uploads\/2017\/11\/1496px-Pilatus-YogaSitz-Luzern-_0006_Ebene-31-400x86.png 400w, https:\/\/yogasitz.ch\/wp-content\/uploads\/2017\/11\/1496px-Pilatus-YogaSitz-Luzern-_0006_Ebene-31-600x129.png 600w, https:\/\/yogasitz.ch\/wp-content\/uploads\/2017\/11\/1496px-Pilatus-YogaSitz-Luzern-_0006_Ebene-31-800x172.png 800w, https:\/\/yogasitz.ch\/wp-content\/uploads\/2017\/11\/1496px-Pilatus-YogaSitz-Luzern-_0006_Ebene-31-1200x257.png 1200w, https:\/\/yogasitz.ch\/wp-content\/uploads\/2017\/11\/1496px-Pilatus-YogaSitz-Luzern-_0006_Ebene-31.png 1496w\" sizes=\"(max-width: 800px) 100vw, 800px\" \/><\/span><\/div><div class=\"fusion-sep-clear\"><\/div><div class=\"fusion-separator fusion-full-width-sep\" style=\"margin-left: auto;margin-right: auto;margin-top:30px;width:100%;\"><\/div><div class=\"fusion-sep-clear\"><\/div><div class=\"fusion-text fusion-text-1\"><h1>NEWSLETTER<\/h1>\n<p>Der Newsletter von YogaSitz Luzern erscheint zirka sechsmal j\u00e4hrlich. Er enth\u00e4lt interessante Informationen zu den Angeboten, Kursen und Aktualit\u00e4ten. Weiter unten kannst du dich f\u00fcr den Newsletter anmelden mit Name und E-Mail.<br \/>\nViel Spass beim Lesen.<\/p>\n<p>Herzlich Simone<\/p>\n<\/div><div class=\"fusion-clearfix\"><\/div><\/div><\/div><div class=\"fusion-layout-column fusion_builder_column fusion-builder-column-1 fusion_builder_column_1_4 1_4 fusion-one-fourth fusion-column-last\" style=\"--awb-bg-size:cover;width:25%;width:calc(25% - ( ( 4% ) * 0.25 ) );\"><div class=\"fusion-column-wrapper fusion-flex-column-wrapper-legacy\"><div class=\"fusion-image-element fusion-no-small-visibility in-legacy-container\" style=\"--awb-caption-title-font-family:var(--h2_typography-font-family);--awb-caption-title-font-weight:var(--h2_typography-font-weight);--awb-caption-title-font-style:var(--h2_typography-font-style);--awb-caption-title-size:var(--h2_typography-font-size);--awb-caption-title-transform:var(--h2_typography-text-transform);--awb-caption-title-line-height:var(--h2_typography-line-height);--awb-caption-title-letter-spacing:var(--h2_typography-letter-spacing);\"><span class=\" fusion-imageframe imageframe-none imageframe-2 hover-type-none\"><img decoding=\"async\" width=\"498\" height=\"638\" title=\"Retreat YogaSitz Luzern\" src=\"https:\/\/yogasitz.ch\/wp-content\/uploads\/2018\/12\/Yogaferien.png\" alt class=\"img-responsive wp-image-2198\" srcset=\"https:\/\/yogasitz.ch\/wp-content\/uploads\/2018\/12\/Yogaferien-200x256.png 200w, https:\/\/yogasitz.ch\/wp-content\/uploads\/2018\/12\/Yogaferien-400x512.png 400w, https:\/\/yogasitz.ch\/wp-content\/uploads\/2018\/12\/Yogaferien.png 498w\" sizes=\"(max-width: 800px) 100vw, 400px\" \/><\/span><\/div><div class=\"fusion-sep-clear\"><\/div><div class=\"fusion-separator fusion-full-width-sep\" style=\"margin-left: auto;margin-right: auto;margin-top:10px;margin-bottom:20px;width:100%;\"><div class=\"fusion-separator-border sep-single sep-solid\" style=\"--awb-height:20px;--awb-amount:20px;--awb-sep-color:rgba(224,222,222,0);border-color:rgba(224,222,222,0);border-top-width:1px;\"><\/div><\/div><div class=\"fusion-sep-clear\"><\/div><div class=\"fusion-clearfix\"><\/div><\/div><\/div><\/div><\/div><div class=\"fusion-fullwidth fullwidth-box fusion-builder-row-2 nonhundred-percent-fullwidth non-hundred-percent-height-scrolling\" style=\"--awb-border-radius-top-left:0px;--awb-border-radius-top-right:0px;--awb-border-radius-bottom-right:0px;--awb-border-radius-bottom-left:0px;--awb-flex-wrap:wrap;\" ><div class=\"fusion-builder-row fusion-row\"><div class=\"fusion-layout-column fusion_builder_column fusion-builder-column-2 fusion_builder_column_3_4 3_4 fusion-three-fourth fusion-column-first\" style=\"--awb-bg-color:rgba(242,242,242,0);--awb-bg-color-hover:rgba(242,242,242,0);--awb-bg-size:cover;width:75%;width:calc(75% - ( ( 4% ) * 0.75 ) );margin-right: 4%;\"><div class=\"fusion-column-wrapper fusion-flex-column-wrapper-legacy\"><div class=\"fusion-title title fusion-title-1 sep-underline sep-solid fusion-title-text fusion-title-size-five\" style=\"--awb-margin-top:50px;\"><h5 class=\"fusion-title-heading title-heading-left\" style=\"margin:0;\">ANMELDUNG ZUM NEWSLETTER<\/h5><\/div><div class=\"fusion-clearfix\"><\/div><\/div><\/div><div class=\"fusion-layout-column fusion_builder_column fusion-builder-column-3 fusion_builder_column_1_4 1_4 fusion-one-fourth fusion-column-last\" style=\"--awb-bg-size:cover;width:25%;width:calc(25% - ( ( 4% ) * 0.25 ) );\"><div class=\"fusion-column-wrapper fusion-flex-column-wrapper-legacy\"><div class=\"fusion-image-element fusion-image-align-left fusion-no-small-visibility in-legacy-container\" style=\"text-align:left;--awb-caption-title-font-family:var(--h2_typography-font-family);--awb-caption-title-font-weight:var(--h2_typography-font-weight);--awb-caption-title-font-style:var(--h2_typography-font-style);--awb-caption-title-size:var(--h2_typography-font-size);--awb-caption-title-transform:var(--h2_typography-text-transform);--awb-caption-title-line-height:var(--h2_typography-line-height);--awb-caption-title-letter-spacing:var(--h2_typography-letter-spacing);\"><span class=\" fusion-imageframe imageframe-none imageframe-3 hover-type-none\" style=\"margin-right:25px;float:left;\"><img decoding=\"async\" width=\"60\" height=\"60\" alt=\"Icon YOGASITZ\" title=\"Icon-5\" src=\"https:\/\/yogasitz.ch\/wp-content\/uploads\/2017\/09\/Icon-5-e1510175504887.png\" class=\"img-responsive wp-image-503\"\/><\/span><\/div><div class=\"fusion-clearfix\"><\/div><\/div><\/div><div class=\"fusion-layout-column fusion_builder_column fusion-builder-column-4 fusion_builder_column_1_2 1_2 fusion-one-half fusion-column-first\" style=\"--awb-bg-size:cover;width:50%;width:calc(50% - ( ( 4% ) * 0.5 ) );margin-right: 4%;\"><div class=\"fusion-column-wrapper fusion-flex-column-wrapper-legacy\"><div class=\"fusion-text fusion-text-2\">\n<div class=\"wpcf7 no-js\" id=\"wpcf7-f620-o1\" lang=\"de-DE\" dir=\"ltr\">\n<div class=\"screen-reader-response\"><p role=\"status\" aria-live=\"polite\" aria-atomic=\"true\"><\/p> <ul><\/ul><\/div>\n<form action=\"\/index.php\/wp-json\/wp\/v2\/pages\/617#wpcf7-f620-o1\" method=\"post\" class=\"wpcf7-form init\" aria-label=\"Kontaktformular\" novalidate=\"novalidate\" data-status=\"init\">\n<div style=\"display: none;\">\n<input type=\"hidden\" name=\"_wpcf7\" value=\"620\" \/>\n<input type=\"hidden\" name=\"_wpcf7_version\" value=\"5.9.8\" \/>\n<input type=\"hidden\" name=\"_wpcf7_locale\" value=\"de_DE\" \/>\n<input type=\"hidden\" name=\"_wpcf7_unit_tag\" value=\"wpcf7-f620-o1\" \/>\n<input type=\"hidden\" name=\"_wpcf7_container_post\" value=\"0\" \/>\n<input type=\"hidden\" name=\"_wpcf7_posted_data_hash\" value=\"\" \/>\n<\/div>\n<p><label> E-Mail-Adresse*<br \/>\n<span class=\"wpcf7-form-control-wrap\" data-name=\"your-email\"><input size=\"40\" maxlength=\"400\" class=\"wpcf7-form-control wpcf7-email wpcf7-validates-as-required wpcf7-text wpcf7-validates-as-email\" aria-required=\"true\" aria-invalid=\"false\" value=\"\" type=\"email\" name=\"your-email\" \/><\/span> <\/label>\n<\/p>\n<p><label> Vorname*<br \/>\n<span class=\"wpcf7-form-control-wrap\" data-name=\"vorname\"><input size=\"40\" maxlength=\"400\" class=\"wpcf7-form-control wpcf7-text wpcf7-validates-as-required\" aria-required=\"true\" aria-invalid=\"false\" value=\"\" type=\"text\" name=\"vorname\" \/><\/span> <\/label>\n<\/p>\n<p><label> Name*<br \/>\n<span class=\"wpcf7-form-control-wrap\" data-name=\"your-name\"><input size=\"40\" maxlength=\"400\" class=\"wpcf7-form-control wpcf7-text wpcf7-validates-as-required\" aria-required=\"true\" aria-invalid=\"false\" value=\"\" type=\"text\" name=\"your-name\" \/><\/span> <\/label>\n<\/p>\n<p><div id=\"cf7sr-69e9d686a59a5\" class=\"cf7sr-g-recaptcha\" data-theme=\"light\" data-type=\"image\" data-size=\"normal\" data-sitekey=\"6LcTKZQqAAAAAD7a2pZ7bCQ-DpTiM79nWtvDyv1v\"><\/div><span class=\"wpcf7-form-control-wrap cf7sr-recaptcha\" data-name=\"cf7sr-recaptcha\"><input type=\"hidden\" name=\"cf7sr-recaptcha\" value=\"\" class=\"wpcf7-form-control\"><\/span>\n<\/p>\n<p><input class=\"wpcf7-form-control wpcf7-submit has-spinner\" type=\"submit\" value=\"Senden\" \/>\n<\/p><div class=\"wpcf7-response-output\" aria-hidden=\"true\"><\/div>\n<\/form>\n<\/div>\n\n<\/div><div class=\"fusion-clearfix\"><\/div><\/div><\/div><\/div><\/div><div class=\"fusion-fullwidth fullwidth-box fusion-builder-row-3 nonhundred-percent-fullwidth non-hundred-percent-height-scrolling\" style=\"--awb-border-radius-top-left:0px;--awb-border-radius-top-right:0px;--awb-border-radius-bottom-right:0px;--awb-border-radius-bottom-left:0px;--awb-flex-wrap:wrap;\" ><div class=\"fusion-builder-row fusion-row\"><\/div><\/div><\/p>\n","protected":false},"excerpt":{"rendered":"","protected":false},"author":1,"featured_media":0,"parent":0,"menu_order":0,"comment_status":"closed","ping_status":"closed","template":"","meta":{"footnotes":""},"yoast_head":"<!-- This site is optimized with the Yoast SEO plugin v24.5 - https:\/\/yoast.com\/wordpress\/plugins\/seo\/ -->\n<title>Newsletter YOGASITZ Luzern.<\/title>\n<meta name=\"description\" content=\"YOGASITZ Luzern. 4 bis 5 Mal j\u00e4hrlich Informationen zu den Kursen und den Angeboten bekommen. Anmeldung zum Newsletter.\" \/>\n<meta name=\"robots\" content=\"index, follow, max-snippet:-1, max-image-preview:large, max-video-preview:-1\" \/>\n<link rel=\"canonical\" href=\"https:\/\/yogasitz.ch\/index.php\/newsletter\/\" \/>\n<meta property=\"og:locale\" content=\"de_DE\" \/>\n<meta property=\"og:type\" content=\"article\" \/>\n<meta property=\"og:title\" content=\"Newsletter YOGASITZ Luzern.\" \/>\n<meta property=\"og:description\" content=\"YOGASITZ Luzern. 4 bis 5 Mal j\u00e4hrlich Informationen zu den Kursen und den Angeboten bekommen. Anmeldung zum Newsletter.\" \/>\n<meta property=\"og:url\" content=\"https:\/\/yogasitz.ch\/index.php\/newsletter\/\" \/>\n<meta property=\"og:site_name\" content=\"YOGASITZ Luzern\" \/>\n<meta property=\"article:publisher\" content=\"https:\/\/www.facebook.com\/simone.zweifel.yoga\" \/>\n<meta property=\"article:modified_time\" content=\"2026-01-19T07:58:49+00:00\" \/>\n<meta property=\"og:image\" content=\"https:\/\/yogasitz.ch\/wp-content\/uploads\/2022\/10\/YogaSitz-Luzern-logo-Mobile.png\" \/>\n\t<meta property=\"og:image:width\" content=\"113\" \/>\n\t<meta property=\"og:image:height\" content=\"37\" \/>\n\t<meta property=\"og:image:type\" content=\"image\/png\" \/>\n<meta name=\"twitter:card\" content=\"summary_large_image\" \/>\n<meta name=\"twitter:label1\" content=\"Gesch\u00e4tzte Lesezeit\" \/>\n\t<meta name=\"twitter:data1\" content=\"1 Minute\" \/>\n<script type=\"application\/ld+json\" class=\"yoast-schema-graph\">{\"@context\":\"https:\/\/schema.org\",\"@graph\":[{\"@type\":\"WebPage\",\"@id\":\"https:\/\/yogasitz.ch\/index.php\/newsletter\/\",\"url\":\"https:\/\/yogasitz.ch\/index.php\/newsletter\/\",\"name\":\"Newsletter YOGASITZ Luzern.\",\"isPartOf\":{\"@id\":\"https:\/\/yogasitz.ch\/#website\"},\"datePublished\":\"2017-10-24T15:31:28+00:00\",\"dateModified\":\"2026-01-19T07:58:49+00:00\",\"description\":\"YOGASITZ Luzern. 4 bis 5 Mal j\u00e4hrlich Informationen zu den Kursen und den Angeboten bekommen. Anmeldung zum Newsletter.\",\"breadcrumb\":{\"@id\":\"https:\/\/yogasitz.ch\/index.php\/newsletter\/#breadcrumb\"},\"inLanguage\":\"de-CH\",\"potentialAction\":[{\"@type\":\"ReadAction\",\"target\":[\"https:\/\/yogasitz.ch\/index.php\/newsletter\/\"]}]},{\"@type\":\"BreadcrumbList\",\"@id\":\"https:\/\/yogasitz.ch\/index.php\/newsletter\/#breadcrumb\",\"itemListElement\":[{\"@type\":\"ListItem\",\"position\":1,\"name\":\"Startseite\",\"item\":\"https:\/\/yogasitz.ch\/\"},{\"@type\":\"ListItem\",\"position\":2,\"name\":\"NEWSLETTER\"}]},{\"@type\":\"WebSite\",\"@id\":\"https:\/\/yogasitz.ch\/#website\",\"url\":\"https:\/\/yogasitz.ch\/\",\"name\":\"YOGASITZ Luzern\",\"description\":\"Simone Zweifel\",\"publisher\":{\"@id\":\"https:\/\/yogasitz.ch\/#organization\"},\"potentialAction\":[{\"@type\":\"SearchAction\",\"target\":{\"@type\":\"EntryPoint\",\"urlTemplate\":\"https:\/\/yogasitz.ch\/?s={search_term_string}\"},\"query-input\":{\"@type\":\"PropertyValueSpecification\",\"valueRequired\":true,\"valueName\":\"search_term_string\"}}],\"inLanguage\":\"de-CH\"},{\"@type\":\"Organization\",\"@id\":\"https:\/\/yogasitz.ch\/#organization\",\"name\":\"YOGASITZ Luzern\",\"url\":\"https:\/\/yogasitz.ch\/\",\"logo\":{\"@type\":\"ImageObject\",\"inLanguage\":\"de-CH\",\"@id\":\"https:\/\/yogasitz.ch\/#\/schema\/logo\/image\/\",\"url\":\"https:\/\/yogasitz.ch\/wp-content\/uploads\/2022\/10\/YogaSitz-Luzern-logo-Mobile.png\",\"contentUrl\":\"https:\/\/yogasitz.ch\/wp-content\/uploads\/2022\/10\/YogaSitz-Luzern-logo-Mobile.png\",\"width\":113,\"height\":37,\"caption\":\"YOGASITZ Luzern\"},\"image\":{\"@id\":\"https:\/\/yogasitz.ch\/#\/schema\/logo\/image\/\"},\"sameAs\":[\"https:\/\/www.facebook.com\/simone.zweifel.yoga\"]}]}<\/script>\n<!-- \/ Yoast SEO plugin. -->","yoast_head_json":{"title":"Newsletter YOGASITZ Luzern.","description":"YOGASITZ Luzern. 4 bis 5 Mal j\u00e4hrlich Informationen zu den Kursen und den Angeboten bekommen. Anmeldung zum Newsletter.","robots":{"index":"index","follow":"follow","max-snippet":"max-snippet:-1","max-image-preview":"max-image-preview:large","max-video-preview":"max-video-preview:-1"},"canonical":"https:\/\/yogasitz.ch\/index.php\/newsletter\/","og_locale":"de_DE","og_type":"article","og_title":"Newsletter YOGASITZ Luzern.","og_description":"YOGASITZ Luzern. 4 bis 5 Mal j\u00e4hrlich Informationen zu den Kursen und den Angeboten bekommen. Anmeldung zum Newsletter.","og_url":"https:\/\/yogasitz.ch\/index.php\/newsletter\/","og_site_name":"YOGASITZ Luzern","article_publisher":"https:\/\/www.facebook.com\/simone.zweifel.yoga","article_modified_time":"2026-01-19T07:58:49+00:00","og_image":[{"width":113,"height":37,"url":"https:\/\/yogasitz.ch\/wp-content\/uploads\/2022\/10\/YogaSitz-Luzern-logo-Mobile.png","type":"image\/png"}],"twitter_card":"summary_large_image","twitter_misc":{"Gesch\u00e4tzte Lesezeit":"1 Minute"},"schema":{"@context":"https:\/\/schema.org","@graph":[{"@type":"WebPage","@id":"https:\/\/yogasitz.ch\/index.php\/newsletter\/","url":"https:\/\/yogasitz.ch\/index.php\/newsletter\/","name":"Newsletter YOGASITZ Luzern.","isPartOf":{"@id":"https:\/\/yogasitz.ch\/#website"},"datePublished":"2017-10-24T15:31:28+00:00","dateModified":"2026-01-19T07:58:49+00:00","description":"YOGASITZ Luzern. 4 bis 5 Mal j\u00e4hrlich Informationen zu den Kursen und den Angeboten bekommen. Anmeldung zum Newsletter.","breadcrumb":{"@id":"https:\/\/yogasitz.ch\/index.php\/newsletter\/#breadcrumb"},"inLanguage":"de-CH","potentialAction":[{"@type":"ReadAction","target":["https:\/\/yogasitz.ch\/index.php\/newsletter\/"]}]},{"@type":"BreadcrumbList","@id":"https:\/\/yogasitz.ch\/index.php\/newsletter\/#breadcrumb","itemListElement":[{"@type":"ListItem","position":1,"name":"Startseite","item":"https:\/\/yogasitz.ch\/"},{"@type":"ListItem","position":2,"name":"NEWSLETTER"}]},{"@type":"WebSite","@id":"https:\/\/yogasitz.ch\/#website","url":"https:\/\/yogasitz.ch\/","name":"YOGASITZ Luzern","description":"Simone Zweifel","publisher":{"@id":"https:\/\/yogasitz.ch\/#organization"},"potentialAction":[{"@type":"SearchAction","target":{"@type":"EntryPoint","urlTemplate":"https:\/\/yogasitz.ch\/?s={search_term_string}"},"query-input":{"@type":"PropertyValueSpecification","valueRequired":true,"valueName":"search_term_string"}}],"inLanguage":"de-CH"},{"@type":"Organization","@id":"https:\/\/yogasitz.ch\/#organization","name":"YOGASITZ Luzern","url":"https:\/\/yogasitz.ch\/","logo":{"@type":"ImageObject","inLanguage":"de-CH","@id":"https:\/\/yogasitz.ch\/#\/schema\/logo\/image\/","url":"https:\/\/yogasitz.ch\/wp-content\/uploads\/2022\/10\/YogaSitz-Luzern-logo-Mobile.png","contentUrl":"https:\/\/yogasitz.ch\/wp-content\/uploads\/2022\/10\/YogaSitz-Luzern-logo-Mobile.png","width":113,"height":37,"caption":"YOGASITZ Luzern"},"image":{"@id":"https:\/\/yogasitz.ch\/#\/schema\/logo\/image\/"},"sameAs":["https:\/\/www.facebook.com\/simone.zweifel.yoga"]}]}},"_links":{"self":[{"href":"https:\/\/yogasitz.ch\/index.php\/wp-json\/wp\/v2\/pages\/617"}],"collection":[{"href":"https:\/\/yogasitz.ch\/index.php\/wp-json\/wp\/v2\/pages"}],"about":[{"href":"https:\/\/yogasitz.ch\/index.php\/wp-json\/wp\/v2\/types\/page"}],"author":[{"embeddable":true,"href":"https:\/\/yogasitz.ch\/index.php\/wp-json\/wp\/v2\/users\/1"}],"replies":[{"embeddable":true,"href":"https:\/\/yogasitz.ch\/index.php\/wp-json\/wp\/v2\/comments?post=617"}],"version-history":[{"count":22,"href":"https:\/\/yogasitz.ch\/index.php\/wp-json\/wp\/v2\/pages\/617\/revisions"}],"predecessor-version":[{"id":7149,"href":"https:\/\/yogasitz.ch\/index.php\/wp-json\/wp\/v2\/pages\/617\/revisions\/7149"}],"wp:attachment":[{"href":"https:\/\/yogasitz.ch\/index.php\/wp-json\/wp\/v2\/media?parent=617"}],"curies":[{"name":"wp","href":"https:\/\/api.w.org\/{rel}","templated":true}]}}